{"id":36,"date":"2024-10-24T11:41:48","date_gmt":"2024-10-24T11:41:48","guid":{"rendered":"http:\/\/wsqmymw.cluster027.hosting.ovh.net\/?page_id=36"},"modified":"2025-09-21T13:34:47","modified_gmt":"2025-09-21T12:34:47","slug":"cennik","status":"publish","type":"page","link":"https:\/\/opaldentporosly.pl\/en\/cennik\/","title":{"rendered":"Cennik"},"content":{"rendered":"<div class=\"wp-block-group cennik is-layout-constrained wp-container-core-group-is-layout-d53b7285 wp-block-group-is-layout-constrained\">\n<h1 class=\"wp-block-heading has-text-align-center has-large-font-size\">CENNIK OP\u0141AT<br>ZA \u015aWIADCZENIA STOMATOLOGICZNE OPALDENT<\/h1>\n\n\n\n<div class=\"wp-block-group is-layout-grid wp-container-core-group-is-layout-b8332bb9 wp-block-group-is-layout-grid\">\n<p class=\"has-text-align-left\"><strong>PROCEDURA<\/strong><\/p>\n\n\n\n<p class=\"has-text-align-left\"><strong>CENA (z\u0142)<\/strong><\/p>\n\n\n\n<p>Badanie\/konsultacja<\/p>\n\n\n\n<p>150<\/p>\n\n\n\n<p>Znieczulenie<\/p>\n\n\n\n<p>20<\/p>\n\n\n\n<p class=\"wp-container-content-5e2576f9\">Leczenie biologiczne &#8211; MTA, Biodentine, w z\u0119bach sta\u0142ych \/ mlecznych<\/p>\n\n\n\n<p class=\"wp-container-content-5e2576f9\">220<\/p>\n<\/div>\n\n\n\n<div class=\"wp-block-group is-layout-grid wp-container-core-group-is-layout-b8332bb9 wp-block-group-is-layout-grid\">\n<p class=\"no-border\"><strong>Wype\u0142nienie kompozytowe:<\/strong><\/p>\n\n\n\n<div style=\"height:0px\" aria-hidden=\"true\" class=\"wp-block-spacer\"><\/div>\n\n\n\n<p class=\"no-border wp-container-content-5e2576f9\">na 1 powierzchni<\/p>\n\n\n\n<p class=\"no-border\">250<\/p>\n\n\n\n<p>na 2 powierzchniach<\/p>\n\n\n\n<p>290<\/p>\n\n\n\n<p class=\"wp-container-content-5e2576f9\">ubytek na 3 i wi\u0119cej powierzchniach<\/p>\n\n\n\n<p>380<\/p>\n<\/div>\n\n\n\n<div class=\"wp-block-group is-layout-grid wp-container-core-group-is-layout-b8332bb9 wp-block-group-is-layout-grid\">\n<p class=\"wp-container-content-5e2576f9\">Wype\u0142nienie z\u0119ba mlecznego<\/p>\n\n\n\n<p class=\"wp-container-content-5e2576f9\">150<\/p>\n\n\n\n<p class=\"wp-container-content-5e2576f9\">Lakowanie z\u0119ba sta\u0142ego<\/p>\n\n\n\n<p class=\"wp-container-content-5e2576f9\">150<\/p>\n\n\n\n<p class=\"wp-container-content-5e2576f9\">Lakierowanie wszystkich z\u0119b\u00f3w<\/p>\n\n\n\n<p class=\"wp-container-content-5e2576f9\">100 \/ \u0142uk<\/p>\n\n\n\n<p class=\"wp-container-content-5e2576f9\">Opatrunek kr\u00f3tko czasowy<\/p>\n\n\n\n<p class=\"wp-container-content-5e2576f9\">50<\/p>\n\n\n\n<p class=\"wp-container-content-5e2576f9\">Opatrunek d\u0142ugoczasowy<\/p>\n\n\n\n<p class=\"wp-container-content-5e2576f9\">150<\/p>\n\n\n\n<p class=\"wp-container-content-5e2576f9\">Impregnacja z\u0119b\u00f3w mlecznych<\/p>\n\n\n\n<p class=\"wp-container-content-5e2576f9\">150 \/ wizyta<\/p>\n\n\n\n<p class=\"wp-container-content-5e2576f9\">Lic\u00f3wka kompozytowa\/ Odbudowa estetyczna z\u0119b\u00f3w przednich<\/p>\n\n\n\n<p class=\"wp-container-content-5e2576f9\">600<\/p>\n\n\n\n<p class=\"wp-container-content-5e2576f9\">Flow injection \/bonding<\/p>\n\n\n\n<p class=\"wp-container-content-5e2576f9\">800<\/p>\n\n\n\n<p class=\"wp-container-content-5e2576f9\">Icon \u2013 infiltracja \u017cywic\u0105<\/p>\n\n\n\n<p class=\"wp-container-content-5e2576f9\">300<\/p>\n\n\n\n<p class=\"wp-container-content-5e2576f9\">\u0106wiek oko\u0142omiazgowy<\/p>\n\n\n\n<p class=\"wp-container-content-5e2576f9\">100<\/p>\n\n\n\n<p class=\"wp-container-content-5e2576f9\">Odbudowa z\u0119ba na wk\u0142adzie z w\u0142\u00f3kna szklanego kompozytem<\/p>\n\n\n\n<p class=\"wp-container-content-5e2576f9\">700<\/p>\n\n\n\n<p class=\"wp-container-content-5e2576f9\">Nak\u0142ad kompozytowy\/inlay \/onley \/overlay<\/p>\n\n\n\n<p class=\"wp-container-content-5e2576f9\">650<\/p>\n\n\n\n<p class=\"wp-container-content-5e2576f9\">Nak\u0142ad porcelanowy tl cyrkonu \/inlay \/onley \/overlay<\/p>\n\n\n\n<p class=\"wp-container-content-5e2576f9\">1.500<\/p>\n\n\n\n<p class=\"wp-container-content-5e2576f9\">Endokorona kompozytowa<\/p>\n\n\n\n<p class=\"wp-container-content-5e2576f9\">700<\/p>\n\n\n\n<p class=\"wp-container-content-5e2576f9\">Endokorona porcelanowa tl cyrkonu<\/p>\n\n\n\n<p class=\"wp-container-content-5e2576f9\">1.500<\/p>\n<\/div>\n\n\n\n<div class=\"wp-block-group is-layout-constrained wp-container-core-group-is-layout-1e17d720 wp-block-group-is-layout-constrained\">\n<div class=\"wp-block-group centered-grid is-layout-grid wp-container-core-group-is-layout-efa8e96f wp-block-group-is-layout-grid\">\n<p class=\"no-border wp-container-content-2155ee95\"><span style=\"text-decoration: underline;\">Leczenie endodontyczne<\/span><\/p>\n\n\n\n<p class=\"has-text-align-center no-border wp-container-content-2155ee95\"><span style=\"text-decoration: underline;\"> (I wizyta) opracowanie kana\u0142\u00f3w** + opatrunek<\/span><\/p>\n\n\n\n<p class=\"has-text-align-center no-border wp-container-content-2155ee95\"><span style=\"text-decoration: underline;\">(II wizyta) wype\u0142nienie kana\u0142\u00f3w<\/span><\/p>\n\n\n\n<p class=\"no-border\">1 kana\u0142 * &#8211; 700z\u0142<\/p>\n\n\n\n<p class=\"has-text-align-center no-border wp-container-content-2155ee95\">350 z\u0142<\/p>\n\n\n\n<p class=\"has-text-align-center no-border wp-container-content-2155ee95\">350 z\u0142<\/p>\n\n\n\n<p class=\"wp-container-content-2155ee95\">2 kana\u0142y* &#8211; 900 z\u0142<\/p>\n\n\n\n<p class=\"has-text-align-center\">450 z\u0142<\/p>\n\n\n\n<p class=\"has-text-align-center\">450 z\u0142<\/p>\n\n\n\n<p class=\"wp-container-content-2155ee95\">3 kana\u0142y* &#8211; 1200 z\u0142<\/p>\n\n\n\n<p class=\"has-text-align-center\">600 z\u0142<\/p>\n\n\n\n<p class=\"has-text-align-center\">600 z\u0142<\/p>\n<\/div>\n\n\n\n<div class=\"wp-block-group is-layout-constrained wp-container-core-group-is-layout-ee1fb1b8 wp-block-group-is-layout-constrained\">\n<p class=\"has-small-font-size wp-container-content-69bc4bdf\">*Ka\u017cdy dodatkowy kana\u0142 200 z\u0142<\/p>\n\n\n\n<p class=\"no-border has-small-font-size wp-container-content-69bc4bdf\">** U\u017cycie mikroskopu 250 z\u0142 \/ kana\u0142<br>*** Udro\u017cenienie kana\u0142u lub reendo 300 z\u0142\/kana\u0142<\/p>\n<\/div>\n<\/div>\n\n\n\n<div class=\"wp-block-group is-layout-grid wp-container-core-group-is-layout-b8332bb9 wp-block-group-is-layout-grid\">\n<p class=\"wp-container-content-5e2576f9\">RVG z\u0119bowe w trakcie leczenia<\/p>\n\n\n\n<p>20<\/p>\n\n\n\n<p>CBCT z\u0119bowe w trakcie leczenia endodontycznego<\/p>\n\n\n\n<p class=\"wp-container-content-5e2576f9\">100<\/p>\n\n\n\n<p class=\"wp-container-content-5e2576f9\">Zatrucie z\u0119ba + opatrunek<\/p>\n\n\n\n<p class=\"wp-container-content-5e2576f9\">150<\/p>\n\n\n\n<p class=\"wp-container-content-5e2576f9\">Amputacja miazgi w z\u0119bie mlecznym ( amputacja formokrezolowa )<\/p>\n\n\n\n<p class=\"wp-container-content-5e2576f9\">200<\/p>\n\n\n\n<p class=\"wp-container-content-5e2576f9\">Amputacja miazgi w z\u0119bie mlecznym ( amputacja przy\u017cyciowa\/ lecz. biologiczne)<\/p>\n\n\n\n<p>400<\/p>\n<\/div>\n\n\n\n<div class=\"wp-block-group is-layout-grid wp-container-core-group-is-layout-b8332bb9 wp-block-group-is-layout-grid\">\n<p class=\"wp-container-content-5e2576f9\">Usuni\u0119cie kamienia<\/p>\n\n\n\n<p class=\"wp-container-content-5e2576f9\">250<\/p>\n\n\n\n<p class=\"wp-container-content-5e2576f9\">Piaskowanie<\/p>\n\n\n\n<p class=\"wp-container-content-5e2576f9\">250<\/p>\n\n\n\n<p class=\"wp-container-content-5e2576f9\">Pakiet higienizacyjny : zdj\u0119cie kamienia i piaskowanie i zabezpieczenie szyjek<\/p>\n\n\n\n<p class=\"wp-container-content-5e2576f9\">350<\/p>\n\n\n\n<p class=\"wp-container-content-5e2576f9\">Leczenie nadwra\u017cliwo\u015bci materia\u0142em Vardis ( zalecane 3 wizyty)<\/p>\n\n\n\n<p class=\"wp-container-content-5e2576f9\">200 \/ zabieg<\/p>\n\n\n\n<p class=\"wp-container-content-5e2576f9\">Wybielanie z\u0119b\u00f3w przy u\u017cyciu lampy + zabezpieczenie szkliwa<\/p>\n\n\n\n<p class=\"wp-container-content-5e2576f9\">900<\/p>\n\n\n\n<p class=\"wp-container-content-5e2576f9\">Wybielanie z\u0119b\u00f3w domowe z zastosowaniem szyn + materia\u0142<\/p>\n\n\n\n<p class=\"wp-container-content-5e2576f9\">1100<\/p>\n\n\n\n<p class=\"wp-container-content-5e2576f9\">Wybielanie po leczeniu Invisalign na nak\u0142adkach<\/p>\n\n\n\n<p class=\"wp-container-content-5e2576f9\">500<\/p>\n\n\n\n<p class=\"wp-container-content-5e2576f9\">Pakiet higienizacyjny periodontologiczny: zdj\u0119cie kamienia nad i poddzi\u0105s\u0142owego z piaskowaniemi zabezpieczeniem szyjek<br>( jako kontynuacja leczenia****)<\/p>\n\n\n\n<p class=\"wp-container-content-5e2576f9\">350<\/p>\n\n\n\n<p class=\"wp-container-content-5e2576f9\">Kireta\u017c zamkni\u0119ty<\/p>\n\n\n\n<p class=\"wp-container-content-5e2576f9\">250 \/ \u0142uk<\/p>\n\n\n\n<p class=\"wp-container-content-5e2576f9\">Kireta\u017c otwarty<\/p>\n\n\n\n<p class=\"wp-container-content-5e2576f9\">500 \/ zabieg<\/p>\n<\/div>\n\n\n\n<div class=\"wp-block-group is-layout-grid wp-container-core-group-is-layout-b8332bb9 wp-block-group-is-layout-grid\">\n<p><strong>Ekstrakcja chirurgiczna<\/strong>:<\/p>\n\n\n\n<p><\/p>\n\n\n\n<p class=\"wp-container-content-5e2576f9\">Z\u0119ba mlecznego ruchomego<\/p>\n\n\n\n<p class=\"wp-container-content-5e2576f9\">200<\/p>\n\n\n\n<p class=\"wp-container-content-5e2576f9\">Z\u0119ba mlecznego bez ruchomo\u015bci<\/p>\n\n\n\n<p class=\"wp-container-content-5e2576f9\">300<\/p>\n\n\n\n<p class=\"wp-container-content-5e2576f9\">Z\u0119ba sta\u0142ego<\/p>\n\n\n\n<p class=\"wp-container-content-5e2576f9\">300<\/p>\n\n\n\n<p class=\"wp-container-content-5e2576f9\">Z\u0119ba \u00f3smego g\u00f3rnego\/dolnego<\/p>\n\n\n\n<p class=\"wp-container-content-5e2576f9\">400-500<\/p>\n\n\n\n<p class=\"wp-container-content-5e2576f9\">Resekcja<\/p>\n\n\n\n<p class=\"wp-container-content-5e2576f9\">550<\/p>\n\n\n\n<p class=\"wp-container-content-5e2576f9\">Hemisekcja<\/p>\n\n\n\n<p class=\"wp-container-content-5e2576f9\">400<\/p>\n\n\n\n<p class=\"wp-container-content-5e2576f9\">Augmentacja materia\u0142em ko\u015bciozast\u0119pczym<\/p>\n\n\n\n<p class=\"wp-container-content-5e2576f9\">400<\/p>\n\n\n\n<p class=\"wp-container-content-5e2576f9\">B\u0142ona kolagenowa<\/p>\n\n\n\n<p class=\"wp-container-content-5e2576f9\">350<\/p>\n<\/div>\n\n\n\n<div class=\"wp-block-group is-layout-grid wp-container-core-group-is-layout-b8332bb9 wp-block-group-is-layout-grid\">\n<p>Korona porcelanowa na metalu<\/p>\n\n\n\n<p>1.350<\/p>\n\n\n\n<p>Korona porcelanowa na metalu ze stopniem estetycznym<\/p>\n\n\n\n<p>1.500<\/p>\n\n\n\n<p>Korona z tlenku cyrkony licowana porcelan\u0105\/Zirconia<\/p>\n\n\n\n<p>2.000<\/p>\n\n\n\n<p>Wk\u0142ad koronowo korzeniowy lany metalowy<\/p>\n\n\n\n<p>350<\/p>\n\n\n\n<p>Wk\u0142ad koronowo korzeniowy lany metalowyze z\u0142otem<\/p>\n\n\n\n<p>400<\/p>\n\n\n\n<p>Wk\u0142ad koronowo korzeniowy z w\u0142\u00f3kna szklanego<\/p>\n\n\n\n<p>350<\/p>\n\n\n\n<p>Wk\u0142ad koronowo korzeniowy z tl cyrkonu<\/p>\n\n\n\n<p>1.000<\/p>\n\n\n\n<p>Korona tymczasowa protetyczna<\/p>\n\n\n\n<p>50-200<\/p>\n\n\n\n<p>Lic\u00f3wka porcelanowa<\/p>\n\n\n\n<p>2.000<\/p>\n\n\n\n<p>Zdj\u0119cie korony, mostu<\/p>\n\n\n\n<p>400<\/p>\n\n\n\n<p>Warunkowe klejenie obcych prac protetycznych<\/p>\n\n\n\n<p>400 \/ pkt<\/p>\n<\/div>\n\n\n\n<div class=\"wp-block-group is-layout-grid wp-container-core-group-is-layout-b8332bb9 wp-block-group-is-layout-grid\">\n<p>Mikroproteza 2-3 punkty<\/p>\n\n\n\n<p>700<\/p>\n\n\n\n<p>Proteza cz\u0119\u015bciowa akrylowa<\/p>\n\n\n\n<p>1.000<\/p>\n\n\n\n<p>Proteza ca\u0142kowita<\/p>\n\n\n\n<p>1.300<\/p>\n\n\n\n<p>Proteza szkieletowa<\/p>\n\n\n\n<p>2.200<\/p>\n\n\n\n<p>Proteza acetalowa<\/p>\n\n\n\n<p>2.200<\/p>\n\n\n\n<p>Proteza elastyczna FJP<\/p>\n\n\n\n<p>2.200<\/p>\n\n\n\n<p>Klamra estetyczna w protezie bia\u0142a lub bezbarwna<\/p>\n\n\n\n<p>200\/szt<\/p>\n\n\n\n<p>Siatka wzmacniaj\u0105ca protez\u0119<\/p>\n\n\n\n<p>200<\/p>\n\n\n\n<p>\u0141uk w protezie<\/p>\n\n\n\n<p>350<\/p>\n\n\n\n<p>Zatrzask w protezie<\/p>\n\n\n\n<p>350<\/p>\n\n\n\n<p>Naprawa protezy<\/p>\n\n\n\n<p>200<\/p>\n\n\n\n<p>Dostawienie z\u0119ba do protezy<\/p>\n\n\n\n<p>150\/ szt<\/p>\n\n\n\n<p>Pod\u015bcielenie protezy<\/p>\n\n\n\n<p>250<\/p>\n\n\n\n<p>Zasuwa w protezie szkieletowej<\/p>\n\n\n\n<p>350<\/p>\n\n\n\n<p>Szyna relaksacyjna<\/p>\n\n\n\n<p>380<\/p>\n\n\n\n<p>Szynowanie z\u0119b\u00f3w<\/p>\n\n\n\n<p>250\/szt<\/p>\n<\/div>\n\n\n\n<div class=\"wp-block-group is-layout-grid wp-container-core-group-is-layout-b8332bb9 wp-block-group-is-layout-grid\">\n<p>Konsultacja implantologiczna z planem leczenia<\/p>\n\n\n\n<p>250<\/p>\n\n\n\n<p>Konsultacja implantologiczna z planem leczenia + CBCT<\/p>\n\n\n\n<p>350<\/p>\n\n\n\n<p>Implant MIS<\/p>\n\n\n\n<p>3.000<\/p>\n\n\n\n<p>Szablon do implantacji<\/p>\n\n\n\n<p>800<\/p>\n\n\n\n<p>Korona na implancie<\/p>\n\n\n\n<p>od 2.500<\/p>\n\n\n\n<p>Lokator do protez<\/p>\n\n\n\n<p>1.000\/szt<\/p>\n\n\n\n<p>Proteza overdenture na implantach ruchoma<\/p>\n\n\n\n<p class=\"wp-container-content-5e2576f9\">od 9.000<\/p>\n\n\n\n<p>Odbudowy sta\u0142e pe\u0142no\u0142ukowe<\/p>\n\n\n\n<p>od 15.000<\/p>\n\n\n\n<p>Prace kombinowane<\/p>\n\n\n\n<p>Wycena indywidualna<\/p>\n<\/div>\n\n\n\n<div class=\"wp-block-group is-layout-grid wp-container-core-group-is-layout-b8332bb9 wp-block-group-is-layout-grid\">\n<p class=\"wp-container-content-5e2576f9\">Konsultacja ortodontyczna<\/p>\n\n\n\n<p class=\"wp-container-content-5e2576f9\">250<\/p>\n\n\n\n<p class=\"wp-container-content-5e2576f9\">Skan bezp\u0142atny<\/p>\n\n\n\n<p class=\"wp-container-content-5e2576f9\">Gratis<\/p>\n\n\n\n<p class=\"wp-container-content-5e2576f9\">Modele diagnostyczne<\/p>\n\n\n\n<p class=\"wp-container-content-5e2576f9\">150<\/p>\n\n\n\n<p class=\"wp-container-content-5e2576f9\">Plan leczenia \/ clin check<\/p>\n\n\n\n<p class=\"wp-container-content-5e2576f9\">250<\/p>\n<\/div>\n\n\n\n<div class=\"wp-block-group is-layout-grid wp-container-core-group-is-layout-b8332bb9 wp-block-group-is-layout-grid\">\n<p id=\"invisalign\"><strong>Invisalign leczenie alignerowe<\/strong>:<\/p>\n\n\n\n<p><\/p>\n\n\n\n<p class=\"wp-container-content-5e2576f9\">Leczenie alignerowe wyr\u00f3wnawcze<\/p>\n\n\n\n<p class=\"wp-container-content-5e2576f9\">8.000<\/p>\n\n\n\n<p class=\"wp-container-content-5e2576f9\">Leczenie alignerowe wad ma\u0142ych<\/p>\n\n\n\n<p class=\"wp-container-content-5e2576f9\">10.500<\/p>\n\n\n\n<p class=\"wp-container-content-5e2576f9\">Leczenie alignerowe wad \u015brednich<\/p>\n\n\n\n<p class=\"wp-container-content-5e2576f9\">12.500<\/p>\n\n\n\n<p class=\"wp-container-content-5e2576f9\">Leczenie alignerowe wad zaawansowanych<\/p>\n\n\n\n<p class=\"wp-container-content-5e2576f9\">15.000<\/p>\n\n\n\n<p class=\"wp-container-content-5e2576f9\">Leczenie alignerowe Invisalign Frist \u2013 dzieci z uz\u0119bieniem mieszanym<\/p>\n\n\n\n<p class=\"wp-container-content-5e2576f9\">11.000<\/p>\n\n\n\n<p class=\"wp-container-content-5e2576f9\">Leczenie alignerowe wad elementy dodatkowe<\/p>\n\n\n\n<p class=\"wp-container-content-5e2576f9\">50\/szt<\/p>\n\n\n\n<p class=\"wp-container-content-5e2576f9\">Leczenie retencyjne sta\u0142e \u2013 za \u0142uk<\/p>\n\n\n\n<p class=\"wp-container-content-5e2576f9\">600<\/p>\n\n\n\n<p class=\"wp-container-content-5e2576f9\">Leczenie retencyjne ruchome- za \u0142uk<\/p>\n\n\n\n<p class=\"wp-container-content-5e2576f9\">400<\/p>\n\n\n\n<p class=\"wp-container-content-5e2576f9\">Pakiet retencyjny ( 2x ruch. + 1x sta\u0142e)<\/p>\n\n\n\n<p class=\"wp-container-content-5e2576f9\">1.200<\/p>\n\n\n\n<p class=\"wp-container-content-5e2576f9\">Retainery Vivera ( 3 zestawy)<\/p>\n\n\n\n<p class=\"wp-container-content-5e2576f9\">2.000<\/p>\n\n\n\n<p class=\"wp-container-content-5e2576f9\">Miniimplant<\/p>\n\n\n\n<p class=\"wp-container-content-5e2576f9\">400<\/p>\n\n\n\n<p class=\"wp-container-content-5e2576f9\">Beneslider<\/p>\n\n\n\n<p class=\"wp-container-content-5e2576f9\">4.000<\/p>\n\n\n\n<p class=\"wp-container-content-5e2576f9\">Leczenie ruchomym ekspanderem Invisalign<\/p>\n\n\n\n<p class=\"wp-container-content-5e2576f9\">3.500<\/p>\n\n\n\n<p class=\"wp-container-content-5e2576f9\">Aparat typu Hyrax<\/p>\n\n\n\n<p class=\"wp-container-content-5e2576f9\">1.000<\/p>\n\n\n\n<p class=\"wp-container-content-5e2576f9\">Aparat typu Marco Rosa<\/p>\n\n\n\n<p class=\"wp-container-content-5e2576f9\">1.100<\/p>\n\n\n\n<p class=\"wp-container-content-5e2576f9\">P\u0142ytka Schwarza<\/p>\n\n\n\n<p class=\"wp-container-content-5e2576f9\">800\/szt<\/p>\n\n\n\n<p class=\"wp-container-content-5e2576f9\">Twin Block<\/p>\n\n\n\n<p class=\"wp-container-content-5e2576f9\">1.600<\/p>\n\n\n\n<p class=\"wp-container-content-5e2576f9\">Badanie kontrolne ortodontyczne (w trakcie leczenia aparatem u dzieci)<\/p>\n\n\n\n<p class=\"wp-container-content-5e2576f9\">100<\/p>\n\n\n\n<p class=\"wp-container-content-5e2576f9\">Trainer<\/p>\n\n\n\n<p class=\"wp-container-content-5e2576f9\">300<\/p>\n\n\n\n<p class=\"wp-container-content-5e2576f9\">Maska twarzowa<\/p>\n\n\n\n<p class=\"wp-container-content-5e2576f9\">250<\/p>\n<\/div>\n\n\n\n<div class=\"wp-block-group is-layout-grid wp-container-core-group-is-layout-b8332bb9 wp-block-group-is-layout-grid\">\n<p>Zdj\u0119cie z\u0119bowe w trakcie leczenia endodontycznego<\/p>\n\n\n\n<p>20<\/p>\n\n\n\n<p>Pantomogram cyfrowy<\/p>\n\n\n\n<p>90<\/p>\n\n\n\n<p>Tomografia sto\u017ckowa z\u0119ba<\/p>\n\n\n\n<p>100<\/p>\n\n\n\n<p>Tomografia sto\u017ckowa \u0142uku<\/p>\n\n\n\n<p>150<\/p>\n\n\n\n<p>Tomografia sto\u017ckowa ca\u0142kowita<\/p>\n\n\n\n<p>200<\/p>\n<\/div>\n\n\n\n<p class=\"has-text-align-center\">Szanowny Pacjencie, pragniemy zwr\u00f3ci\u0107 uwag\u0119, i\u017c cennik jest informacj\u0105 og\u00f3ln\u0105, nie uwzgl\u0119dniaj\u0105c\u0105 specyfikacji ka\u017cdego przypadku. Dok\u0142adn\u0105 informacj\u0119 na temat potrzebnych zabieg\u00f3w i ceny otrzymasz w gabinecie.<\/p>\n<\/div>\n\n\n\n<p><\/p>","protected":false},"excerpt":{"rendered":"<p>Cennik us\u0142ug stomatologicznych Opaldent Poros\u0142y \u2013 sprawd\u017a koszty leczenia, zabieg\u00f3w i konsultacji w naszym gabinecie.<\/p>","protected":false},"author":1,"featured_media":535,"parent":0,"menu_order":0,"comment_status":"closed","ping_status":"closed","template":"","meta":{"footnotes":""},"class_list":["post-36","page","type-page","status-publish","has-post-thumbnail","hentry"],"blocksy_meta":{"has_hero_section":"enabled","hero_elements":[{"id":"custom_title","enabled":false,"heading_tag":"h1","title":"Strona g\u0142\u00f3wna","__id":"NaifC9sblr64AOhqHLyAB"},{"id":"custom_description","enabled":false,"description_visibility":{"desktop":true,"tablet":true,"mobile":false},"__id":"FzAbaBmd_nEtM0Rm1Qwkl"},{"id":"custom_meta","enabled":false,"meta_elements":[{"id":"author","enabled":true,"label":"Przez","has_author_avatar":"yes","avatar_size":25},{"id":"post_date","enabled":true,"label":"W\u0142\u0105cz","date_format_source":"default","date_format":"M j, Y"},{"id":"updated_date","enabled":false,"label":"W\u0142\u0105cz","date_format_source":"default","date_format":"M j, Y"},{"id":"categories","enabled":false,"label":"W","style":"simple"},{"id":"comments","enabled":true}],"page_meta_elements":{"joined":true,"articles_count":true,"comments":true},"__id":"u0O3cJXHK6w_DA7Khz5vA"},{"id":"breadcrumbs","enabled":false,"__id":"MdV0p3CX5QP6anbJbwEGz"},{"id":"content-block","enabled":false,"__id":"_OXAXmXiIEEv6DjoG6uLP"}],"styles_descriptor":{"styles":{"desktop":"[data-prefix=\"single_page\"] .entry-header .page-title {--theme-font-size:30px;} [data-prefix=\"single_page\"] .entry-header .entry-meta {--theme-font-weight:600;--theme-text-transform:uppercase;--theme-font-size:12px;--theme-line-height:1.3;}","tablet":"","mobile":""},"google_fonts":[],"version":6}},"_links":{"self":[{"href":"https:\/\/opaldentporosly.pl\/en\/wp-json\/wp\/v2\/pages\/36","targetHints":{"allow":["GET"]}}],"collection":[{"href":"https:\/\/opaldentporosly.pl\/en\/wp-json\/wp\/v2\/pages"}],"about":[{"href":"https:\/\/opaldentporosly.pl\/en\/wp-json\/wp\/v2\/types\/page"}],"author":[{"embeddable":true,"href":"https:\/\/opaldentporosly.pl\/en\/wp-json\/wp\/v2\/users\/1"}],"replies":[{"embeddable":true,"href":"https:\/\/opaldentporosly.pl\/en\/wp-json\/wp\/v2\/comments?post=36"}],"version-history":[{"count":60,"href":"https:\/\/opaldentporosly.pl\/en\/wp-json\/wp\/v2\/pages\/36\/revisions"}],"predecessor-version":[{"id":1226,"href":"https:\/\/opaldentporosly.pl\/en\/wp-json\/wp\/v2\/pages\/36\/revisions\/1226"}],"wp:featuredmedia":[{"embeddable":true,"href":"https:\/\/opaldentporosly.pl\/en\/wp-json\/wp\/v2\/media\/535"}],"wp:attachment":[{"href":"https:\/\/opaldentporosly.pl\/en\/wp-json\/wp\/v2\/media?parent=36"}],"curies":[{"name":"wp","href":"https:\/\/api.w.org\/{rel}","templated":true}]}}