{"id":32,"date":"2024-10-24T11:41:25","date_gmt":"2024-10-24T11:41:25","guid":{"rendered":"http:\/\/wsqmymw.cluster027.hosting.ovh.net\/?page_id=32"},"modified":"2024-12-03T13:13:39","modified_gmt":"2024-12-03T12:13:39","slug":"nasz-zespol","status":"publish","type":"page","link":"https:\/\/opaldentporosly.pl\/en\/nasz-zespol\/","title":{"rendered":"Our team"},"content":{"rendered":"<div class='rt-container-fluid rt-team-container rt-pos-r rt-team-container-309' id='rt-team-container-4226894630'  data-layout='layout2' data-desktop-col='1'  data-tab-col='1'  data-mobile-col='1' data-sc-id='309' data-popup-bg=''><div data-title='Loading ...' class='rt-row rt-content-loader layout2 ttp-even ttp-pre-loader'><div class=\"rt-col-md-12 rt-col-sm-12 rt-col-xs-12  even-grid-item rt-grid-item\" data-id=\"308\"><div class=\"single-team-area\"><div class=\"img-area rt-col-sm-2 rt-col-xs-4\"><figure><img decoding=\"async\" width=\"453\" height=\"453\" src=\"https:\/\/opaldentporosly.pl\/wp-content\/uploads\/2024\/11\/bitmap2-bg-e1732009335745.jpg\" class=\"img-responsive rt-team-img\" alt=\"a black and white logo\" title=\"\"><\/figure><\/div><div class=\"rttm-content-area rt-col-sm-10 rt-col-xs-8\"><h3><span class=\"team-name\">Barbara Onopiuk<\/span><\/h3><div class=\"tlp-position\">Doctor of Medical Sciences, dentist<\/div><div class=\"short-bio\"><p>Lekarz dentysta z wieloletnim do\u015bwiadczeniem \u00a0w stomatologii estetycznej i odtw\u00f3rczej. Pracownik akademicki \u00a0Uniwersytetu Medycznego w Bia\u0142ymstoku w latach 2013-2017 w zak\u0142adzie Periodontologii i Ortodoncji UMwB. Wyk\u0142adowca i uczestnik wielu konferencji naukowych. Autor licznych artyku\u0142\u00f3w w renomowanych \u015bwiatowych czasopismach w dziedzinie medycznej. Uczestnik Master of Science in Orthodontics. Certyfikowany lekarz dentysta Invisalign.<\/p>\n<\/div><\/div><\/div><\/div><div class=\"rt-col-md-12 rt-col-sm-12 rt-col-xs-12  even-grid-item rt-grid-item\" data-id=\"314\"><div class=\"single-team-area\"><div class=\"img-area rt-col-sm-2 rt-col-xs-4\"><figure><img decoding=\"async\" width=\"453\" height=\"453\" src=\"https:\/\/opaldentporosly.pl\/wp-content\/uploads\/2024\/11\/bitmap2-bg-e1732009335745.jpg\" class=\"img-responsive rt-team-img\" alt=\"a black and white logo\" title=\"\"><\/figure><\/div><div class=\"rttm-content-area rt-col-sm-10 rt-col-xs-8\"><h3><span class=\"team-name\">Karolina Sprycha<\/span><\/h3><div class=\"tlp-position\">dentist<\/div><div class=\"short-bio\"><p>Lekarz dentysta. Absolwentka Uniwersytetu Medycznego w Bia\u0142ymstoku. specjalizuje si\u0119 w leczeniu odtw\u00f3rczym i chirurgiczno - implantologicznym. Absolwentka Curicculum Implantologicznego DSI  w Warszawie.<\/p>\n<\/div><\/div><\/div><\/div><div class=\"rt-col-md-12 rt-col-sm-12 rt-col-xs-12  even-grid-item rt-grid-item\" data-id=\"315\"><div class=\"single-team-area\"><div class=\"img-area rt-col-sm-2 rt-col-xs-4\"><figure><img decoding=\"async\" width=\"453\" height=\"453\" src=\"https:\/\/opaldentporosly.pl\/wp-content\/uploads\/2024\/11\/bitmap2-bg-e1732009335745.jpg\" class=\"img-responsive rt-team-img\" alt=\"a black and white logo\" title=\"\"><\/figure><\/div><div class=\"rttm-content-area rt-col-sm-10 rt-col-xs-8\"><h3><span class=\"team-name\">Beata Szkaradek<\/span><\/h3><div class=\"tlp-position\">dentist<\/div><div class=\"short-bio\"><p>Lekarz dentysta. Uczestnik wielu kurs\u00f3w w zakresie stomatologii odtw\u00f3rczej, leczenia pod mikroskopem oraz endodoncji. W 2023 rozpocz\u0119cie sta\u017cu specjalizacyjnego w zakresie Stomatologii Zachowawczej z Endodoncj\u0105.<\/p>\n<\/div><\/div><\/div><\/div><div class=\"rt-col-md-12 rt-col-sm-12 rt-col-xs-12  even-grid-item rt-grid-item\" data-id=\"316\"><div class=\"single-team-area\"><div class=\"img-area rt-col-sm-2 rt-col-xs-4\"><figure><img decoding=\"async\" width=\"453\" height=\"453\" src=\"https:\/\/opaldentporosly.pl\/wp-content\/uploads\/2024\/11\/bitmap2-bg-e1732009335745.jpg\" class=\"img-responsive rt-team-img\" alt=\"a black and white logo\" title=\"\"><\/figure><\/div><div class=\"rttm-content-area rt-col-sm-10 rt-col-xs-8\"><h3><span class=\"team-name\">Karolina Zaleska<\/span><\/h3><div class=\"tlp-position\">dental hygienist, dental technician<\/div><div class=\"short-bio\"><p>Absolwentka Szko\u0142y Medycznej na kierunku Higienistka Stomatologiczna i Technik Dentystyczny. W naszym gabinecie zajmuj\u0119 si\u0119 zabiegami z zakresu profilaktyki, wybielaniem z\u0119b\u00f3w oraz skanami wewn\u0105trzustnymi. Uko\u0144czy\u0142a kurs certyfikacyjny \u00a0Invisalign.\u00a0<\/p>\n<\/div><\/div><\/div><\/div><div class=\"rt-loading-overlay\"><\/div><div class=\"rt-loading rt-ball-clip-rotate\"><div><\/div><\/div><\/div><\/div>\n\n\n\n<p><\/p>","protected":false},"excerpt":{"rendered":"<p>Poznaj profesjonalny zesp\u00f3\u0142 gabinetu Opaldent Poros\u0142y \u2013 do\u015bwiadczeni stomatolodzy i specjali\u015bci dbaj\u0105cy o Tw\u00f3j u\u015bmiech.<\/p>","protected":false},"author":1,"featured_media":535,"parent":0,"menu_order":0,"comment_status":"closed","ping_status":"closed","template":"","meta":{"footnotes":""},"class_list":["post-32","page","type-page","status-publish","has-post-thumbnail","hentry"],"blocksy_meta":[],"_links":{"self":[{"href":"https:\/\/opaldentporosly.pl\/en\/wp-json\/wp\/v2\/pages\/32","targetHints":{"allow":["GET"]}}],"collection":[{"href":"https:\/\/opaldentporosly.pl\/en\/wp-json\/wp\/v2\/pages"}],"about":[{"href":"https:\/\/opaldentporosly.pl\/en\/wp-json\/wp\/v2\/types\/page"}],"author":[{"embeddable":true,"href":"https:\/\/opaldentporosly.pl\/en\/wp-json\/wp\/v2\/users\/1"}],"replies":[{"embeddable":true,"href":"https:\/\/opaldentporosly.pl\/en\/wp-json\/wp\/v2\/comments?post=32"}],"version-history":[{"count":4,"href":"https:\/\/opaldentporosly.pl\/en\/wp-json\/wp\/v2\/pages\/32\/revisions"}],"predecessor-version":[{"id":792,"href":"https:\/\/opaldentporosly.pl\/en\/wp-json\/wp\/v2\/pages\/32\/revisions\/792"}],"wp:featuredmedia":[{"embeddable":true,"href":"https:\/\/opaldentporosly.pl\/en\/wp-json\/wp\/v2\/media\/535"}],"wp:attachment":[{"href":"https:\/\/opaldentporosly.pl\/en\/wp-json\/wp\/v2\/media?parent=32"}],"curies":[{"name":"wp","href":"https:\/\/api.w.org\/{rel}","templated":true}]}}