{"id":2,"date":"2024-10-16T10:46:47","date_gmt":"2024-10-16T10:46:47","guid":{"rendered":"http:\/\/wsqmymw.cluster027.hosting.ovh.net\/?page_id=2"},"modified":"2025-06-03T11:47:08","modified_gmt":"2025-06-03T10:47:08","slug":"strona-glowna","status":"publish","type":"page","link":"https:\/\/opaldentporosly.pl\/en\/","title":{"rendered":"Strona g\u0142\u00f3wna"},"content":{"rendered":"<h1 class=\"wp-block-heading hidden\">Opaldent Poros\u0142y<\/h1>\n\n\n\n<div class=\"wp-block-group is-layout-constrained wp-block-group-is-layout-constrained\" style=\"padding-top:var(--wp--preset--spacing--60);padding-bottom:var(--wp--preset--spacing--60)\"><div class=\"foogallery foogallery-container foogallery-masonry foogallery-lightbox-none fg-center fg-gutter-large fg-masonry fg-transparent fg-loading-bars fg-loaded-fade-in fg-captions-bottom fg-hover-fade fg-light-overlays fg-c-c fg-ready fg-col4\" id=\"foogallery-gallery-136\" data-foogallery=\"{&quot;item&quot;:{&quot;showCaptionTitle&quot;:false,&quot;showCaptionDescription&quot;:true},&quot;lazy&quot;:true}\" >\n\t\t<div class=\"fg-column-width\"><\/div>\n\t<div class=\"fg-gutter-width\"><\/div>\n\t\t<div class=\"fg-item fg-type-image fg-idle\"><figure class=\"fg-item-inner\"><a data-caption-title=\"GABINETOPALDENT\" data-caption-desc=\"GABINETOPALDENT\" data-attachment-id=\"137\" data-type=\"image\" class=\"fg-thumb\"><span class=\"fg-image-wrap\"><img decoding=\"async\" alt=\"GABINET OPALDENT\" title=\"GABINETOPALDENT\" width=\"200\" height=\"200\" class=\"skip-lazy fg-image\" data-src-fg=\"https:\/\/opaldentporosly.pl\/wp-content\/uploads\/cache\/2024\/11\/20221212_131708\/3065809629.jpg\" data-srcset-fg=\"https:\/\/opaldentporosly.pl\/wp-content\/uploads\/cache\/2024\/11\/20221212_131708\/2917299360.jpg 4x\" src=\"data:image\/svg+xml,%3Csvg%20xmlns%3D%22http%3A%2F%2Fwww.w3.org%2F2000%2Fsvg%22%20width%3D%22200%22%20height%3D%22200%22%20viewBox%3D%220%200%20200%20200%22%3E%3C%2Fsvg%3E\" loading=\"eager\"><\/span><span class=\"fg-image-overlay\"><\/span><\/a><figcaption class=\"fg-caption\"><div class=\"fg-caption-inner\"><div class=\"fg-caption-desc\">OPALDENT\n\nOFFICE<\/div><\/div><\/figcaption><\/figure><div class=\"fg-loader\"><\/div><\/div><div class=\"fg-item fg-type-image fg-idle\"><figure class=\"fg-item-inner\"><a data-caption-title=\"ZDJ\u0118CIA RTGPANTOMOGRAM\" data-caption-desc=\"ZDJ\u0118CIA RTGPANTOMOGRAM\" data-attachment-id=\"140\" data-type=\"image\" class=\"fg-thumb\"><span class=\"fg-image-wrap\"><img decoding=\"async\" alt=\"ZDJ\u0118CIA RTG PANTOMOGRAM\" title=\"ZDJ\u0118CIA RTGPANTOMOGRAM\" width=\"200\" height=\"200\" class=\"skip-lazy fg-image\" data-src-fg=\"https:\/\/opaldentporosly.pl\/wp-content\/uploads\/cache\/2024\/11\/20230212_105006\/2243751144.jpg\" data-srcset-fg=\"https:\/\/opaldentporosly.pl\/wp-content\/uploads\/cache\/2024\/11\/20230212_105006\/2665616021.jpg 4x\" src=\"data:image\/svg+xml,%3Csvg%20xmlns%3D%22http%3A%2F%2Fwww.w3.org%2F2000%2Fsvg%22%20width%3D%22200%22%20height%3D%22200%22%20viewBox%3D%220%200%20200%20200%22%3E%3C%2Fsvg%3E\" loading=\"eager\"><\/span><span class=\"fg-image-overlay\"><\/span><\/a><figcaption class=\"fg-caption\"><div class=\"fg-caption-inner\"><div class=\"fg-caption-desc\">X-RAY IMAGES\n\nPANTOMOGRAM<\/div><\/div><\/figcaption><\/figure><div class=\"fg-loader\"><\/div><\/div><div class=\"fg-item fg-type-image fg-idle\"><figure class=\"fg-item-inner\"><a data-caption-title=\"LECZENIE NAK\u0141ADKOWEINVISALIGN\" data-caption-desc=\"LECZENIE NAK\u0141ADKOWEINVISALIGN\" data-attachment-id=\"138\" data-type=\"image\" class=\"fg-thumb\"><span class=\"fg-image-wrap\"><img decoding=\"async\" alt=\"LECZENIE NAK\u0141ADKOWE INVISALIGN\" title=\"LECZENIE NAK\u0141ADKOWEINVISALIGN\" width=\"200\" height=\"200\" class=\"skip-lazy fg-image\" data-src-fg=\"https:\/\/opaldentporosly.pl\/wp-content\/uploads\/cache\/2024\/11\/20230212_104115\/2313459674.jpg\" data-srcset-fg=\"https:\/\/opaldentporosly.pl\/wp-content\/uploads\/cache\/2024\/11\/20230212_104115\/2461690279.jpg 4x\" src=\"data:image\/svg+xml,%3Csvg%20xmlns%3D%22http%3A%2F%2Fwww.w3.org%2F2000%2Fsvg%22%20width%3D%22200%22%20height%3D%22200%22%20viewBox%3D%220%200%20200%20200%22%3E%3C%2Fsvg%3E\" loading=\"eager\"><\/span><span class=\"fg-image-overlay\"><\/span><\/a><figcaption class=\"fg-caption\"><div class=\"fg-caption-inner\"><div class=\"fg-caption-desc\">INVISALIGN\n\nOVERLAY TREATMENT<\/div><\/div><\/figcaption><\/figure><div class=\"fg-loader\"><\/div><\/div><div class=\"fg-item fg-type-image fg-idle\"><figure class=\"fg-item-inner\"><a data-caption-title=\"SKANER CYFROWY 3DiTero\" data-caption-desc=\"SKANER CYFROWY 3DiTero\" data-attachment-id=\"139\" data-type=\"image\" class=\"fg-thumb\"><span class=\"fg-image-wrap\"><img decoding=\"async\" alt=\"SKANER CYFROWY 3D iTero\" title=\"SKANER CYFROWY 3DiTero\" width=\"200\" height=\"200\" class=\"skip-lazy fg-image\" data-src-fg=\"https:\/\/opaldentporosly.pl\/wp-content\/uploads\/cache\/2024\/11\/20230212_104218\/3762510291.jpg\" data-srcset-fg=\"https:\/\/opaldentporosly.pl\/wp-content\/uploads\/cache\/2024\/11\/20230212_104218\/4213024686.jpg 4x\" src=\"data:image\/svg+xml,%3Csvg%20xmlns%3D%22http%3A%2F%2Fwww.w3.org%2F2000%2Fsvg%22%20width%3D%22200%22%20height%3D%22200%22%20viewBox%3D%220%200%20200%20200%22%3E%3C%2Fsvg%3E\" loading=\"eager\"><\/span><span class=\"fg-image-overlay\"><\/span><\/a><figcaption class=\"fg-caption\"><div class=\"fg-caption-inner\"><div class=\"fg-caption-desc\">iTero\n\n3D DIGITAL SCANNER<\/div><\/div><\/figcaption><\/figure><div class=\"fg-loader\"><\/div><\/div><\/div>\n<\/div>\n\n\n\n<div class=\"wp-block-group is-layout-constrained wp-block-group-is-layout-constrained\">\n<h2 class=\"wp-block-heading has-text-align-center\">Our team<\/h2>\n\n\n<div class='rt-container-fluid rt-team-container rt-pos-r rt-team-container-389' id='rt-team-container-502249972'  data-layout='layout3' data-desktop-col='4'  data-tab-col='4'  data-mobile-col='2' data-sc-id='389' data-popup-bg=''><div data-title='Loading ...' class='rt-row rt-content-loader layout3 ttp-even ttp-pre-loader'><div class=\"rt-col-md-3 rt-col-sm-3 rt-col-xs-6  even-grid-item rt-grid-item\" data-id=\"308\"><div class=\"single-team-area\"><figure><img decoding=\"async\" width=\"453\" height=\"453\" src=\"https:\/\/opaldentporosly.pl\/wp-content\/uploads\/2024\/11\/bitmap2-bg-e1732009335745.jpg\" class=\"img-responsive rt-team-img\" alt=\"a black and white logo\" title=\"\"><\/figure><div class=\"tlp-content\"><h3><span class=\"team-name\">Barbara Onopiuk<\/span><\/h3><div class=\"tlp-position\">Doctor of Medical Sciences, dentist<\/div><\/div><\/div><\/div><div class=\"rt-col-md-3 rt-col-sm-3 rt-col-xs-6  even-grid-item rt-grid-item\" data-id=\"314\"><div class=\"single-team-area\"><figure><img decoding=\"async\" width=\"453\" height=\"453\" src=\"https:\/\/opaldentporosly.pl\/wp-content\/uploads\/2024\/11\/bitmap2-bg-e1732009335745.jpg\" class=\"img-responsive rt-team-img\" alt=\"a black and white logo\" title=\"\"><\/figure><div class=\"tlp-content\"><h3><span class=\"team-name\">Karolina Sprycha<\/span><\/h3><div class=\"tlp-position\">dentist<\/div><\/div><\/div><\/div><div class=\"rt-col-md-3 rt-col-sm-3 rt-col-xs-6  even-grid-item rt-grid-item\" data-id=\"315\"><div class=\"single-team-area\"><figure><img decoding=\"async\" width=\"453\" height=\"453\" src=\"https:\/\/opaldentporosly.pl\/wp-content\/uploads\/2024\/11\/bitmap2-bg-e1732009335745.jpg\" class=\"img-responsive rt-team-img\" alt=\"a black and white logo\" title=\"\"><\/figure><div class=\"tlp-content\"><h3><span class=\"team-name\">Beata Szkaradek<\/span><\/h3><div class=\"tlp-position\">dentist<\/div><\/div><\/div><\/div><div class=\"rt-col-md-3 rt-col-sm-3 rt-col-xs-6  even-grid-item rt-grid-item\" data-id=\"316\"><div class=\"single-team-area\"><figure><img decoding=\"async\" width=\"453\" height=\"453\" src=\"https:\/\/opaldentporosly.pl\/wp-content\/uploads\/2024\/11\/bitmap2-bg-e1732009335745.jpg\" class=\"img-responsive rt-team-img\" alt=\"a black and white logo\" title=\"\"><\/figure><div class=\"tlp-content\"><h3><span class=\"team-name\">Karolina Zaleska<\/span><\/h3><div class=\"tlp-position\">dental hygienist, dental technician<\/div><\/div><\/div><\/div><div class=\"rt-loading-overlay\"><\/div><div class=\"rt-loading rt-ball-clip-rotate\"><div><\/div><\/div><\/div><\/div>\n<\/div>\n\n\n\n<div class=\"wp-block-stackable-columns stk-block-columns stk-block stk-d91fcf9\" data-block-id=\"d91fcf9\"><style>.stk-d91fcf9 {margin-top:150px !important;margin-bottom:40px !important;}@media screen and (max-width:689px){.stk-d91fcf9 {margin-top:80px !important;}}<\/style><div class=\"stk-row stk-inner-blocks stk-block-content stk-content-align stk-d91fcf9-column\">\n<div class=\"wp-block-stackable-column stk-block-column stk-column stk-block stk-20f1f22\" data-v=\"4\" data-block-id=\"20f1f22\"><div class=\"stk-column-wrapper stk-block-column__content stk-container stk-20f1f22-container stk--no-background stk--no-padding\"><div class=\"stk-block-content stk-inner-blocks stk-20f1f22-inner-blocks\">\n<div class=\"wp-block-stackable-subtitle stk-block-subtitle stk-block stk-725f91f\" id=\"strong-zaplanuj-wizyte-strong\" data-block-id=\"725f91f\"><style>.stk-725f91f {border-style:solid !important;border-top-width:0px !important;border-right-width:0px !important;border-bottom-width:0px !important;border-left-width:2px !important;padding-right:8px !important;padding-left:8px !important;margin-right:auto !important;margin-bottom:12px !important;margin-left:auto !important;}.stk-725f91f .stk-block-subtitle__text{font-size:16px !important;color:var(--theme-palette-color-4, #0a0500) !important;line-height:1em !important;font-family:Optima, Candara, 'Noto Sans', source-sans-pro, sans-serif !important;letter-spacing:2.5px !important;}@media screen and (max-width:999px){.stk-725f91f .stk-block-subtitle__text{font-size:16px !important;}}<\/style><p class=\"stk-block-subtitle__text stk-subtitle has-text-color\"><strong>Make an appointment today!<\/strong><\/p><\/div>\n\n\n\n<div class=\"wp-block-stackable-heading stk-block-heading stk-block-heading--v2 stk-block stk-3c4b50f\" id=\"strong-chcesz-umowic-wizyte-strong\" data-block-id=\"3c4b50f\"><style>.stk-3c4b50f {margin-bottom:60px !important;}<\/style><h2 class=\"stk-block-heading__text has-text-align-center\"><strong>Would you like to make an appointment?<\/strong><\/h2><\/div>\n\n\n\n<div class=\"wp-block-stackable-button-group stk-block-button-group stk-block stk-e6408bc\" id=\"strong-zaplanuj-wizyte-strong\" data-block-id=\"e6408bc\"><style>.stk-e6408bc .stk-block-button, .stk-e6408bc .stk-block-icon-button{flex:1 0 0% !important;}<\/style><div class=\"stk-row stk-inner-blocks has-text-align-center stk-block-content stk-button-group\">\n<div class=\"wp-block-stackable-button stk-block-button has-text-align-center w-half stk-block stk-677efc5\" data-block-id=\"677efc5\"><style>.stk-677efc5 {border-top-left-radius:100px !important;border-top-right-radius:100px !important;border-bottom-right-radius:100px !important;border-bottom-left-radius:100px !important;overflow:hidden !important;max-width:50% !important;min-width:auto !important;flex:1 0 var(--stk-button-group-flex-wrap, 0) !important;}.stk-677efc5 , .stk-677efc5 .stk-button{width:100% !important;}.stk-677efc5 .stk-button{padding-top:8px !important;padding-bottom:8px !important;background:var(--theme-palette-color-4, #0a0500) !important;}@media screen and (max-width:689px){.stk-677efc5 {max-width:100% !important;min-width:auto !important;}}<\/style><a class=\"stk-link stk-button stk--hover-effect-scale\" href=\"https:\/\/felg.app\/extcal\/5673341120655102\" target=\"_blank\" rel=\"nofollow noreferrer noopener\"><span class=\"stk-button__inner-text\"><strong>Make an appointment online<\/strong><\/span><\/a><\/div>\n<\/div><\/div>\n<\/div><\/div><\/div>\n<\/div><\/div>","protected":false},"excerpt":{"rendered":"<p>Opaldent Poros\u0142y \u2013 kompleksowa opieka stomatologiczna. Zapraszamy do gabinetu, gdzie pi\u0119kny u\u015bmiech jest nasz\u0105 misj\u0105.<\/p>","protected":false},"author":1,"featured_media":535,"parent":0,"menu_order":0,"comment_status":"closed","ping_status":"closed","template":"","meta":{"footnotes":""},"class_list":["post-2","page","type-page","status-publish","has-post-thumbnail","hentry"],"blocksy_meta":{"has_hero_section":"disabled","styles_descriptor":{"styles":{"desktop":"","tablet":"","mobile":""},"google_fonts":[],"version":6}},"_links":{"self":[{"href":"https:\/\/opaldentporosly.pl\/en\/wp-json\/wp\/v2\/pages\/2","targetHints":{"allow":["GET"]}}],"collection":[{"href":"https:\/\/opaldentporosly.pl\/en\/wp-json\/wp\/v2\/pages"}],"about":[{"href":"https:\/\/opaldentporosly.pl\/en\/wp-json\/wp\/v2\/types\/page"}],"author":[{"embeddable":true,"href":"https:\/\/opaldentporosly.pl\/en\/wp-json\/wp\/v2\/users\/1"}],"replies":[{"embeddable":true,"href":"https:\/\/opaldentporosly.pl\/en\/wp-json\/wp\/v2\/comments?post=2"}],"version-history":[{"count":27,"href":"https:\/\/opaldentporosly.pl\/en\/wp-json\/wp\/v2\/pages\/2\/revisions"}],"predecessor-version":[{"id":1047,"href":"https:\/\/opaldentporosly.pl\/en\/wp-json\/wp\/v2\/pages\/2\/revisions\/1047"}],"wp:featuredmedia":[{"embeddable":true,"href":"https:\/\/opaldentporosly.pl\/en\/wp-json\/wp\/v2\/media\/535"}],"wp:attachment":[{"href":"https:\/\/opaldentporosly.pl\/en\/wp-json\/wp\/v2\/media?parent=2"}],"curies":[{"name":"wp","href":"https:\/\/api.w.org\/{rel}","templated":true}]}}